{"id":7685,"date":"2021-12-14T14:36:02","date_gmt":"2021-12-14T14:36:02","guid":{"rendered":"https:\/\/walkingdoctors.co\/contact\/"},"modified":"2023-08-25T19:25:10","modified_gmt":"2023-08-25T19:25:10","slug":"contact","status":"publish","type":"page","link":"https:\/\/walkingdoctors.co\/fr\/contact\/","title":{"rendered":"Contact"},"content":{"rendered":"\t\t<div data-elementor-type=\"wp-page\" data-elementor-id=\"7685\" class=\"elementor elementor-7685 elementor-2423\" data-elementor-post-type=\"page\">\n\t\t\t\t\t\t<div class=\"elementor-inner\">\n\t\t\t\t<div class=\"elementor-section-wrap\">\n\t\t\t\t\t\t\t\t\t<section class=\"elementor-section elementor-top-section elementor-element elementor-element-4c378e3e elementor-section-height-min-height elementor-section-content-middle elementor-section-boxed elementor-section-height-default elementor-section-items-middle\" data-id=\"4c378e3e\" data-element_type=\"section\" data-settings=\"{&quot;background_background&quot;:&quot;classic&quot;,&quot;jet_parallax_layout_list&quot;:[{&quot;_id&quot;:&quot;e28acd5&quot;,&quot;jet_parallax_layout_image&quot;:{&quot;url&quot;:&quot;&quot;,&quot;id&quot;:&quot;&quot;,&quot;size&quot;:&quot;&quot;},&quot;jet_parallax_layout_image_tablet&quot;:{&quot;url&quot;:&quot;&quot;,&quot;id&quot;:&quot;&quot;,&quot;size&quot;:&quot;&quot;},&quot;jet_parallax_layout_image_mobile&quot;:{&quot;url&quot;:&quot;&quot;,&quot;id&quot;:&quot;&quot;,&quot;size&quot;:&quot;&quot;},&quot;jet_parallax_layout_speed&quot;:{&quot;unit&quot;:&quot;%&quot;,&quot;size&quot;:50,&quot;sizes&quot;:[]},&quot;jet_parallax_layout_type&quot;:&quot;scroll&quot;,&quot;jet_parallax_layout_direction&quot;:null,&quot;jet_parallax_layout_fx_direction&quot;:null,&quot;jet_parallax_layout_z_index&quot;:&quot;&quot;,&quot;jet_parallax_layout_bg_x&quot;:50,&quot;jet_parallax_layout_bg_x_tablet&quot;:&quot;&quot;,&quot;jet_parallax_layout_bg_x_mobile&quot;:&quot;&quot;,&quot;jet_parallax_layout_bg_y&quot;:50,&quot;jet_parallax_layout_bg_y_tablet&quot;:&quot;&quot;,&quot;jet_parallax_layout_bg_y_mobile&quot;:&quot;&quot;,&quot;jet_parallax_layout_bg_size&quot;:&quot;auto&quot;,&quot;jet_parallax_layout_bg_size_tablet&quot;:&quot;&quot;,&quot;jet_parallax_layout_bg_size_mobile&quot;:&quot;&quot;,&quot;jet_parallax_layout_animation_prop&quot;:&quot;transform&quot;,&quot;jet_parallax_layout_on&quot;:[&quot;desktop&quot;,&quot;tablet&quot;]}]}\">\n\t\t\t\t\t\t\t<div class=\"elementor-background-overlay\"><\/div>\n\t\t\t\t\t\t\t<div class=\"elementor-container elementor-column-gap-default\">\n\t\t\t\t\t\t\t<div class=\"elementor-row\">\n\t\t\t\t\t<div class=\"elementor-column elementor-col-33 elementor-top-column elementor-element elementor-element-1c040c2e\" data-id=\"1c040c2e\" data-element_type=\"column\">\n\t\t\t<div class=\"elementor-column-wrap\">\n\t\t\t\t\t\t\t<div class=\"elementor-widget-wrap\">\n\t\t\t\t\t\t\t\t<\/div>\n\t\t\t\t\t<\/div>\n\t\t<\/div>\n\t\t\t\t<div class=\"elementor-column elementor-col-33 elementor-top-column elementor-element elementor-element-24e6390\" data-id=\"24e6390\" data-element_type=\"column\">\n\t\t\t<div class=\"elementor-column-wrap elementor-element-populated\">\n\t\t\t\t\t\t\t<div class=\"elementor-widget-wrap\">\n\t\t\t\t\t\t\t\t<\/div>\n\t\t\t\t\t<\/div>\n\t\t<\/div>\n\t\t\t\t<div class=\"elementor-column elementor-col-33 elementor-top-column elementor-element elementor-element-61f3e825\" data-id=\"61f3e825\" data-element_type=\"column\">\n\t\t\t<div class=\"elementor-column-wrap\">\n\t\t\t\t\t\t\t<div class=\"elementor-widget-wrap\">\n\t\t\t\t\t\t\t\t<\/div>\n\t\t\t\t\t<\/div>\n\t\t<\/div>\n\t\t\t\t\t\t\t\t<\/div>\n\t\t\t\t\t<\/div>\n\t\t<\/section>\n\t\t\t\t<section class=\"elementor-section elementor-top-section elementor-element elementor-element-4565810b elementor-section-boxed elementor-section-height-default elementor-section-height-default\" data-id=\"4565810b\" data-element_type=\"section\" data-settings=\"{&quot;background_background&quot;:&quot;classic&quot;,&quot;jet_parallax_layout_list&quot;:[{&quot;_id&quot;:&quot;7906048&quot;,&quot;jet_parallax_layout_image&quot;:{&quot;url&quot;:&quot;&quot;,&quot;id&quot;:&quot;&quot;,&quot;size&quot;:&quot;&quot;},&quot;jet_parallax_layout_image_tablet&quot;:{&quot;url&quot;:&quot;&quot;,&quot;id&quot;:&quot;&quot;,&quot;size&quot;:&quot;&quot;},&quot;jet_parallax_layout_image_mobile&quot;:{&quot;url&quot;:&quot;&quot;,&quot;id&quot;:&quot;&quot;,&quot;size&quot;:&quot;&quot;},&quot;jet_parallax_layout_speed&quot;:{&quot;unit&quot;:&quot;%&quot;,&quot;size&quot;:50,&quot;sizes&quot;:[]},&quot;jet_parallax_layout_type&quot;:&quot;scroll&quot;,&quot;jet_parallax_layout_direction&quot;:null,&quot;jet_parallax_layout_fx_direction&quot;:null,&quot;jet_parallax_layout_z_index&quot;:&quot;&quot;,&quot;jet_parallax_layout_bg_x&quot;:50,&quot;jet_parallax_layout_bg_x_tablet&quot;:&quot;&quot;,&quot;jet_parallax_layout_bg_x_mobile&quot;:&quot;&quot;,&quot;jet_parallax_layout_bg_y&quot;:50,&quot;jet_parallax_layout_bg_y_tablet&quot;:&quot;&quot;,&quot;jet_parallax_layout_bg_y_mobile&quot;:&quot;&quot;,&quot;jet_parallax_layout_bg_size&quot;:&quot;auto&quot;,&quot;jet_parallax_layout_bg_size_tablet&quot;:&quot;&quot;,&quot;jet_parallax_layout_bg_size_mobile&quot;:&quot;&quot;,&quot;jet_parallax_layout_animation_prop&quot;:&quot;transform&quot;,&quot;jet_parallax_layout_on&quot;:[&quot;desktop&quot;,&quot;tablet&quot;]}]}\">\n\t\t\t\t\t\t<div class=\"elementor-container elementor-column-gap-default\">\n\t\t\t\t\t\t\t<div class=\"elementor-row\">\n\t\t\t\t\t<div class=\"elementor-column elementor-col-50 elementor-top-column elementor-element elementor-element-5a8b5e3f\" data-id=\"5a8b5e3f\" data-element_type=\"column\">\n\t\t\t<div class=\"elementor-column-wrap elementor-element-populated\">\n\t\t\t\t\t\t\t<div class=\"elementor-widget-wrap\">\n\t\t\t\t\t\t<div class=\"elementor-element elementor-element-1c12b262 elementor-widget elementor-widget-heading\" data-id=\"1c12b262\" data-element_type=\"widget\" data-widget_type=\"heading.default\">\n\t\t\t\t<div class=\"elementor-widget-container\">\n\t\t\t<div class=\"elementor-heading-title elementor-size-default\">Racontez-Nous Votre Histoire<\/div>\t\t<\/div>\n\t\t\t\t<\/div>\n\t\t\t\t<div class=\"elementor-element elementor-element-4886dc8 elementor-widget elementor-widget-wpforms\" data-id=\"4886dc8\" data-element_type=\"widget\" data-widget_type=\"wpforms.default\">\n\t\t\t\t<div class=\"elementor-widget-container\">\n\t\t\t<style id=\"wpforms-css-vars-root\">\n\t\t\t\t:root {\n\t\t\t\t\t--wpforms-field-border-radius: 3px;\n--wpforms-field-background-color: #ffffff;\n--wpforms-field-border-color: rgba( 0, 0, 0, 0.25 );\n--wpforms-field-text-color: rgba( 0, 0, 0, 0.7 );\n--wpforms-label-color: rgba( 0, 0, 0, 0.85 );\n--wpforms-label-sublabel-color: rgba( 0, 0, 0, 0.55 );\n--wpforms-label-error-color: #d63637;\n--wpforms-button-border-radius: 3px;\n--wpforms-button-background-color: #066aab;\n--wpforms-button-text-color: #ffffff;\n--wpforms-field-size-input-height: 43px;\n--wpforms-field-size-input-spacing: 15px;\n--wpforms-field-size-font-size: 16px;\n--wpforms-field-size-line-height: 19px;\n--wpforms-field-size-padding-h: 14px;\n--wpforms-field-size-checkbox-size: 16px;\n--wpforms-field-size-sublabel-spacing: 5px;\n--wpforms-field-size-icon-size: 1;\n--wpforms-label-size-font-size: 16px;\n--wpforms-label-size-line-height: 19px;\n--wpforms-label-size-sublabel-font-size: 14px;\n--wpforms-label-size-sublabel-line-height: 17px;\n--wpforms-button-size-font-size: 17px;\n--wpforms-button-size-height: 41px;\n--wpforms-button-size-padding-h: 15px;\n--wpforms-button-size-margin-top: 10px;\n\n\t\t\t\t}\n\t\t\t<\/style><style id=\"wpforms-css-vars-elementor-widget-4886dc8\">\n\t\t\t\t.elementor-widget-wpforms.elementor-element-4886dc8 {\n\t\t\t\t\t--wpforms-field-size-input-height: 43px;\n--wpforms-field-size-input-spacing: 15px;\n--wpforms-field-size-font-size: 16px;\n--wpforms-field-size-line-height: 19px;\n--wpforms-field-size-padding-h: 14px;\n--wpforms-field-size-checkbox-size: 16px;\n--wpforms-field-size-sublabel-spacing: 5px;\n--wpforms-field-size-icon-size: 1;\n--wpforms-label-size-font-size: 16px;\n--wpforms-label-size-line-height: 19px;\n--wpforms-label-size-sublabel-font-size: 14px;\n--wpforms-label-size-sublabel-line-height: 17px;\n--wpforms-button-size-font-size: 17px;\n--wpforms-button-size-height: 41px;\n--wpforms-button-size-padding-h: 15px;\n--wpforms-button-size-margin-top: 10px;\n\n\t\t\t\t}\n\t\t\t<\/style><div class=\"wpforms-container wpforms-container-full wpforms-render-modern\" id=\"wpforms-9991\"><form id=\"wpforms-form-9991\" class=\"wpforms-validate wpforms-form wpforms-ajax-form\" data-formid=\"9991\" method=\"post\" enctype=\"multipart\/form-data\" action=\"\/fr\/wp-json\/wp\/v2\/pages\/7685\" data-token=\"14abd17f530b46f4a8dc46a33f8babc8\"><noscript class=\"wpforms-error-noscript\">Veuillez activer JavaScript dans votre navigateur pour remplir ce formulaire.<\/noscript><div class=\"wpforms-hidden\" id=\"wpforms-error-noscript\">Veuillez activer JavaScript dans votre navigateur pour remplir ce formulaire.<\/div><div class=\"wpforms-field-container\"><div id=\"wpforms-9991-field_4-container\" class=\"wpforms-field wpforms-field-text\" data-field-id=\"4\"><label class=\"wpforms-field-label\" for=\"wpforms-9991-field_4\">Contactez-nous <span class=\"wpforms-required-label\" aria-hidden=\"true\">*<\/span><\/label><input type=\"text\" id=\"wpforms-9991-field_4\" class=\"wpforms-field-medium wpforms-field-required\" name=\"wpforms[fields][4]\" aria-errormessage=\"wpforms-9991-field_4-error\" required><\/div><div id=\"wpforms-9991-field_1-container\" class=\"wpforms-field wpforms-field-email\" data-field-id=\"1\"><label class=\"wpforms-field-label\" for=\"wpforms-9991-field_1\">Email <span class=\"wpforms-required-label\" aria-hidden=\"true\">*<\/span><\/label><input type=\"email\" id=\"wpforms-9991-field_1\" class=\"wpforms-field-medium wpforms-field-required\" name=\"wpforms[fields][1]\" spellcheck=\"false\" aria-errormessage=\"wpforms-9991-field_1-error\" required><\/div><div id=\"wpforms-9991-field_2-container\" class=\"wpforms-field wpforms-field-textarea\" data-field-id=\"2\"><label class=\"wpforms-field-label\" for=\"wpforms-9991-field_2\">Message <span class=\"wpforms-required-label\" aria-hidden=\"true\">*<\/span><\/label><textarea id=\"wpforms-9991-field_2\" class=\"wpforms-field-medium wpforms-field-required\" name=\"wpforms[fields][2]\" aria-errormessage=\"wpforms-9991-field_2-error\" required><\/textarea><\/div><div id=\"wpforms-9991-field_3-container\" class=\"wpforms-field wpforms-field-radio\" data-field-id=\"3\"><fieldset><legend class=\"wpforms-field-label\">Comment avez-vous entendu parler de nous ? <span class=\"wpforms-required-label\" aria-hidden=\"true\">*<\/span><\/legend><ul id=\"wpforms-9991-field_3\" class=\"wpforms-field-required\"><li class=\"choice-1 depth-1\"><input type=\"radio\" id=\"wpforms-9991-field_3_1\" name=\"wpforms[fields][3]\" value=\"Recherche sur le web\" aria-errormessage=\"wpforms-9991-field_3_1-error\" required ><label class=\"wpforms-field-label-inline\" for=\"wpforms-9991-field_3_1\">Recherche sur le web<\/label><\/li><li class=\"choice-2 depth-1\"><input type=\"radio\" id=\"wpforms-9991-field_3_2\" name=\"wpforms[fields][3]\" value=\"Instagram\" aria-errormessage=\"wpforms-9991-field_3_2-error\" required ><label class=\"wpforms-field-label-inline\" for=\"wpforms-9991-field_3_2\">Instagram<\/label><\/li><li class=\"choice-3 depth-1\"><input type=\"radio\" id=\"wpforms-9991-field_3_3\" name=\"wpforms[fields][3]\" value=\"Coll\u00e8gue\" aria-errormessage=\"wpforms-9991-field_3_3-error\" required ><label class=\"wpforms-field-label-inline\" for=\"wpforms-9991-field_3_3\">Coll\u00e8gue<\/label><\/li><li class=\"choice-4 depth-1\"><input type=\"radio\" id=\"wpforms-9991-field_3_4\" name=\"wpforms[fields][3]\" value=\"Autre\" aria-errormessage=\"wpforms-9991-field_3_4-error\" required ><label class=\"wpforms-field-label-inline\" for=\"wpforms-9991-field_3_4\">Autre<\/label><\/li><\/ul><\/fieldset><\/div><\/div><!-- .wpforms-field-container --><div class=\"wpforms-submit-container\" ><input type=\"hidden\" name=\"wpforms[id]\" value=\"9991\"><input type=\"hidden\" name=\"wpforms[author]\" value=\"14\"><button type=\"submit\" name=\"wpforms[submit]\" id=\"wpforms-submit-9991\" class=\"wpforms-submit\" data-alt-text=\"Envoi en cours...\" data-submit-text=\"ENVOYER\" aria-live=\"assertive\" value=\"wpforms-submit\">ENVOYER<\/button><img loading=\"lazy\" decoding=\"async\" src=\"https:\/\/walkingdoctors.co\/wp-content\/plugins\/wpforms-lite\/assets\/images\/submit-spin.svg\" class=\"wpforms-submit-spinner\" style=\"display: none;\" width=\"26\" height=\"26\" alt=\"Chargement en cours\"><\/div><\/form><\/div>  <!-- .wpforms-container -->\t\t<\/div>\n\t\t\t\t<\/div>\n\t\t\t\t\t\t<\/div>\n\t\t\t\t\t<\/div>\n\t\t<\/div>\n\t\t\t\t<div class=\"elementor-column elementor-col-50 elementor-top-column elementor-element elementor-element-5cfeb81\" data-id=\"5cfeb81\" data-element_type=\"column\">\n\t\t\t<div class=\"elementor-column-wrap elementor-element-populated\">\n\t\t\t\t\t\t\t<div class=\"elementor-widget-wrap\">\n\t\t\t\t\t\t<div class=\"elementor-element elementor-element-7c037ec elementor-widget elementor-widget-image\" data-id=\"7c037ec\" data-element_type=\"widget\" data-widget_type=\"image.default\">\n\t\t\t\t<div class=\"elementor-widget-container\">\n\t\t\t\t\t\t\t\t<div class=\"elementor-image\">\n\t\t\t\t\t\t\t\t\t<figure class=\"wp-caption\">\n\t\t\t\t\t\t\t\t\t\t<img loading=\"lazy\" decoding=\"async\" width=\"443\" height=\"332\" src=\"https:\/\/walkingdoctors.co\/wp-content\/uploads\/2021\/07\/image-38.png\" class=\"attachment-full size-full wp-image-7609\" alt=\"muslim woman wearing\" srcset=\"https:\/\/walkingdoctors.co\/wp-content\/uploads\/2021\/07\/image-38.png 443w, https:\/\/walkingdoctors.co\/wp-content\/uploads\/2021\/07\/image-38-300x225.png 300w\" sizes=\"(max-width: 443px) 100vw, 443px\" \/>\t\t\t\t\t\t\t\t\t\t\t<figcaption class=\"widget-image-caption wp-caption-text\">WD Directrice M\u00e9dicale, Silvi Nurdin, \u00e0 Pakpak Bharat<\/figcaption>\n\t\t\t\t\t\t\t\t\t\t<\/figure>\n\t\t\t\t\t\t\t\t<\/div>\n\t\t\t\t\t\t<\/div>\n\t\t\t\t<\/div>\n\t\t\t\t\t\t<\/div>\n\t\t\t\t\t<\/div>\n\t\t<\/div>\n\t\t\t\t\t\t\t\t<\/div>\n\t\t\t\t\t<\/div>\n\t\t<\/section>\n\t\t\t\t\t\t\t\t\t<\/div>\n\t\t\t<\/div>\n\t\t\t\t\t<\/div>\n\t\t","protected":false},"excerpt":{"rendered":"<p>Racontez-Nous Votre Histoire Please enable JavaScript in your browser to complete this form.Please enable JavaScript in your browser to complete this form.Contactez-nous *Email *Message * Comment avez-vous entendu parler de nous ? * Recherche sur le web Instagram Coll\u00e8gue Autre ENVOYER WD Directrice M\u00e9dicale, Silvi Nurdin, \u00e0 Pakpak Bharat<\/p>\n","protected":false},"author":14,"featured_media":7608,"parent":0,"menu_order":0,"comment_status":"closed","ping_status":"closed","template":"elementor_header_footer","meta":{"footnotes":""},"class_list":["post-7685","page","type-page","status-publish","has-post-thumbnail","hentry","entry","has-media"],"yoast_head":"<!-- This site is optimized with the Yoast SEO plugin v20.11 - https:\/\/yoast.com\/wordpress\/plugins\/seo\/ -->\n<title>Contact - Walking Doctors<\/title>\n<meta name=\"robots\" content=\"index, follow, max-snippet:-1, max-image-preview:large, max-video-preview:-1\" \/>\n<link rel=\"canonical\" href=\"https:\/\/walkingdoctors.co\/fr\/contact\/\" \/>\n<meta property=\"og:locale\" content=\"fr_FR\" \/>\n<meta property=\"og:type\" content=\"article\" \/>\n<meta property=\"og:title\" content=\"Contact - Walking Doctors\" \/>\n<meta property=\"og:description\" content=\"Racontez-Nous Votre Histoire Please enable JavaScript in your browser to complete this form.Please enable JavaScript in your browser to complete this form.Contactez-nous *Email *Message * Comment avez-vous entendu parler de nous ? * Recherche sur le web Instagram Coll\u00e8gue Autre ENVOYER WD Directrice M\u00e9dicale, Silvi Nurdin, \u00e0 Pakpak Bharat\" \/>\n<meta property=\"og:url\" content=\"https:\/\/walkingdoctors.co\/fr\/contact\/\" \/>\n<meta property=\"og:site_name\" content=\"Walking Doctors\" \/>\n<meta property=\"article:modified_time\" content=\"2023-08-25T19:25:10+00:00\" \/>\n<meta property=\"og:image\" content=\"https:\/\/walkingdoctors.co\/wp-content\/uploads\/2021\/07\/Screenshot-2021-07-16-at-7.58.49-PM-1024x259.png\" \/>\n\t<meta property=\"og:image:width\" content=\"1024\" \/>\n\t<meta property=\"og:image:height\" content=\"259\" \/>\n\t<meta property=\"og:image:type\" content=\"image\/png\" \/>\n<meta name=\"twitter:card\" content=\"summary_large_image\" \/>\n<meta name=\"twitter:label1\" content=\"Dur\u00e9e de lecture estim\u00e9e\" \/>\n\t<meta name=\"twitter:data1\" content=\"1 minute\" \/>\n<script type=\"application\/ld+json\" class=\"yoast-schema-graph\">{\"@context\":\"https:\/\/schema.org\",\"@graph\":[{\"@type\":\"WebPage\",\"@id\":\"https:\/\/walkingdoctors.co\/fr\/contact\/\",\"url\":\"https:\/\/walkingdoctors.co\/fr\/contact\/\",\"name\":\"Contact - Walking Doctors\",\"isPartOf\":{\"@id\":\"https:\/\/walkingdoctors.co\/en\/#website\"},\"datePublished\":\"2021-12-14T14:36:02+00:00\",\"dateModified\":\"2023-08-25T19:25:10+00:00\",\"breadcrumb\":{\"@id\":\"https:\/\/walkingdoctors.co\/fr\/contact\/#breadcrumb\"},\"inLanguage\":\"fr-FR\",\"potentialAction\":[{\"@type\":\"ReadAction\",\"target\":[\"https:\/\/walkingdoctors.co\/fr\/contact\/\"]}]},{\"@type\":\"BreadcrumbList\",\"@id\":\"https:\/\/walkingdoctors.co\/fr\/contact\/#breadcrumb\",\"itemListElement\":[{\"@type\":\"ListItem\",\"position\":1,\"name\":\"Home\",\"item\":\"https:\/\/walkingdoctors.co\/fr\/\"},{\"@type\":\"ListItem\",\"position\":2,\"name\":\"Contact\"}]},{\"@type\":\"WebSite\",\"@id\":\"https:\/\/walkingdoctors.co\/en\/#website\",\"url\":\"https:\/\/walkingdoctors.co\/en\/\",\"name\":\"Walking Doctors\",\"description\":\"Our cloud-based EMR dramatically improves care while managing the business of medicine\",\"publisher\":{\"@id\":\"https:\/\/walkingdoctors.co\/en\/#organization\"},\"potentialAction\":[{\"@type\":\"SearchAction\",\"target\":{\"@type\":\"EntryPoint\",\"urlTemplate\":\"https:\/\/walkingdoctors.co\/en\/?s={search_term_string}\"},\"query-input\":\"required name=search_term_string\"}],\"inLanguage\":\"fr-FR\"},{\"@type\":\"Organization\",\"@id\":\"https:\/\/walkingdoctors.co\/en\/#organization\",\"name\":\"Walking Doctors\",\"url\":\"https:\/\/walkingdoctors.co\/en\/\",\"logo\":{\"@type\":\"ImageObject\",\"inLanguage\":\"fr-FR\",\"@id\":\"https:\/\/walkingdoctors.co\/en\/#\/schema\/logo\/image\/\",\"url\":\"https:\/\/walkingdoctors.co\/wp-content\/uploads\/2021\/07\/cropped-WDLogo145.png\",\"contentUrl\":\"https:\/\/walkingdoctors.co\/wp-content\/uploads\/2021\/07\/cropped-WDLogo145.png\",\"width\":927,\"height\":154,\"caption\":\"Walking Doctors\"},\"image\":{\"@id\":\"https:\/\/walkingdoctors.co\/en\/#\/schema\/logo\/image\/\"}}]}<\/script>\n<!-- \/ Yoast SEO plugin. -->","yoast_head_json":{"title":"Contact - Walking Doctors","robots":{"index":"index","follow":"follow","max-snippet":"max-snippet:-1","max-image-preview":"max-image-preview:large","max-video-preview":"max-video-preview:-1"},"canonical":"https:\/\/walkingdoctors.co\/fr\/contact\/","og_locale":"fr_FR","og_type":"article","og_title":"Contact - Walking Doctors","og_description":"Racontez-Nous Votre Histoire Please enable JavaScript in your browser to complete this form.Please enable JavaScript in your browser to complete this form.Contactez-nous *Email *Message * Comment avez-vous entendu parler de nous ? * Recherche sur le web Instagram Coll\u00e8gue Autre ENVOYER WD Directrice M\u00e9dicale, Silvi Nurdin, \u00e0 Pakpak Bharat","og_url":"https:\/\/walkingdoctors.co\/fr\/contact\/","og_site_name":"Walking Doctors","article_modified_time":"2023-08-25T19:25:10+00:00","og_image":[{"width":1024,"height":259,"url":"https:\/\/walkingdoctors.co\/wp-content\/uploads\/2021\/07\/Screenshot-2021-07-16-at-7.58.49-PM-1024x259.png","type":"image\/png"}],"twitter_card":"summary_large_image","twitter_misc":{"Dur\u00e9e de lecture estim\u00e9e":"1 minute"},"schema":{"@context":"https:\/\/schema.org","@graph":[{"@type":"WebPage","@id":"https:\/\/walkingdoctors.co\/fr\/contact\/","url":"https:\/\/walkingdoctors.co\/fr\/contact\/","name":"Contact - Walking Doctors","isPartOf":{"@id":"https:\/\/walkingdoctors.co\/en\/#website"},"datePublished":"2021-12-14T14:36:02+00:00","dateModified":"2023-08-25T19:25:10+00:00","breadcrumb":{"@id":"https:\/\/walkingdoctors.co\/fr\/contact\/#breadcrumb"},"inLanguage":"fr-FR","potentialAction":[{"@type":"ReadAction","target":["https:\/\/walkingdoctors.co\/fr\/contact\/"]}]},{"@type":"BreadcrumbList","@id":"https:\/\/walkingdoctors.co\/fr\/contact\/#breadcrumb","itemListElement":[{"@type":"ListItem","position":1,"name":"Home","item":"https:\/\/walkingdoctors.co\/fr\/"},{"@type":"ListItem","position":2,"name":"Contact"}]},{"@type":"WebSite","@id":"https:\/\/walkingdoctors.co\/en\/#website","url":"https:\/\/walkingdoctors.co\/en\/","name":"Walking Doctors","description":"Our cloud-based EMR dramatically improves care while managing the business of medicine","publisher":{"@id":"https:\/\/walkingdoctors.co\/en\/#organization"},"potentialAction":[{"@type":"SearchAction","target":{"@type":"EntryPoint","urlTemplate":"https:\/\/walkingdoctors.co\/en\/?s={search_term_string}"},"query-input":"required name=search_term_string"}],"inLanguage":"fr-FR"},{"@type":"Organization","@id":"https:\/\/walkingdoctors.co\/en\/#organization","name":"Walking Doctors","url":"https:\/\/walkingdoctors.co\/en\/","logo":{"@type":"ImageObject","inLanguage":"fr-FR","@id":"https:\/\/walkingdoctors.co\/en\/#\/schema\/logo\/image\/","url":"https:\/\/walkingdoctors.co\/wp-content\/uploads\/2021\/07\/cropped-WDLogo145.png","contentUrl":"https:\/\/walkingdoctors.co\/wp-content\/uploads\/2021\/07\/cropped-WDLogo145.png","width":927,"height":154,"caption":"Walking Doctors"},"image":{"@id":"https:\/\/walkingdoctors.co\/en\/#\/schema\/logo\/image\/"}}]}},"_links":{"self":[{"href":"https:\/\/walkingdoctors.co\/fr\/wp-json\/wp\/v2\/pages\/7685"}],"collection":[{"href":"https:\/\/walkingdoctors.co\/fr\/wp-json\/wp\/v2\/pages"}],"about":[{"href":"https:\/\/walkingdoctors.co\/fr\/wp-json\/wp\/v2\/types\/page"}],"author":[{"embeddable":true,"href":"https:\/\/walkingdoctors.co\/fr\/wp-json\/wp\/v2\/users\/14"}],"replies":[{"embeddable":true,"href":"https:\/\/walkingdoctors.co\/fr\/wp-json\/wp\/v2\/comments?post=7685"}],"version-history":[{"count":7,"href":"https:\/\/walkingdoctors.co\/fr\/wp-json\/wp\/v2\/pages\/7685\/revisions"}],"predecessor-version":[{"id":10000,"href":"https:\/\/walkingdoctors.co\/fr\/wp-json\/wp\/v2\/pages\/7685\/revisions\/10000"}],"wp:featuredmedia":[{"embeddable":true,"href":"https:\/\/walkingdoctors.co\/fr\/wp-json\/wp\/v2\/media\/7608"}],"wp:attachment":[{"href":"https:\/\/walkingdoctors.co\/fr\/wp-json\/wp\/v2\/media?parent=7685"}],"curies":[{"name":"wp","href":"https:\/\/api.w.org\/{rel}","templated":true}]}}