{"id":7650,"date":"2021-12-14T14:31:13","date_gmt":"2021-12-14T14:31:13","guid":{"rendered":"https:\/\/walkingdoctors.co\/about\/"},"modified":"2021-12-28T14:17:27","modified_gmt":"2021-12-28T14:17:27","slug":"about","status":"publish","type":"page","link":"https:\/\/walkingdoctors.co\/fr\/about\/","title":{"rendered":"About"},"content":{"rendered":"\t\t<div data-elementor-type=\"wp-page\" data-elementor-id=\"7650\" class=\"elementor elementor-7650 elementor-2383\" data-elementor-post-type=\"page\">\n\t\t\t\t\t\t<div class=\"elementor-inner\">\n\t\t\t\t<div class=\"elementor-section-wrap\">\n\t\t\t\t\t\t\t\t\t<section class=\"elementor-section elementor-top-section elementor-element elementor-element-4c378e3e elementor-section-height-min-height elementor-section-content-middle elementor-section-boxed elementor-section-height-default elementor-section-items-middle\" data-id=\"4c378e3e\" data-element_type=\"section\" data-settings=\"{&quot;background_background&quot;:&quot;classic&quot;,&quot;jet_parallax_layout_list&quot;:[{&quot;_id&quot;:&quot;e28acd5&quot;,&quot;jet_parallax_layout_image&quot;:{&quot;url&quot;:&quot;&quot;,&quot;id&quot;:&quot;&quot;,&quot;size&quot;:&quot;&quot;},&quot;jet_parallax_layout_image_tablet&quot;:{&quot;url&quot;:&quot;&quot;,&quot;id&quot;:&quot;&quot;,&quot;size&quot;:&quot;&quot;},&quot;jet_parallax_layout_image_mobile&quot;:{&quot;url&quot;:&quot;&quot;,&quot;id&quot;:&quot;&quot;,&quot;size&quot;:&quot;&quot;},&quot;jet_parallax_layout_speed&quot;:{&quot;unit&quot;:&quot;%&quot;,&quot;size&quot;:50,&quot;sizes&quot;:[]},&quot;jet_parallax_layout_type&quot;:&quot;scroll&quot;,&quot;jet_parallax_layout_direction&quot;:null,&quot;jet_parallax_layout_fx_direction&quot;:null,&quot;jet_parallax_layout_z_index&quot;:&quot;&quot;,&quot;jet_parallax_layout_bg_x&quot;:50,&quot;jet_parallax_layout_bg_x_tablet&quot;:&quot;&quot;,&quot;jet_parallax_layout_bg_x_mobile&quot;:&quot;&quot;,&quot;jet_parallax_layout_bg_y&quot;:50,&quot;jet_parallax_layout_bg_y_tablet&quot;:&quot;&quot;,&quot;jet_parallax_layout_bg_y_mobile&quot;:&quot;&quot;,&quot;jet_parallax_layout_bg_size&quot;:&quot;auto&quot;,&quot;jet_parallax_layout_bg_size_tablet&quot;:&quot;&quot;,&quot;jet_parallax_layout_bg_size_mobile&quot;:&quot;&quot;,&quot;jet_parallax_layout_animation_prop&quot;:&quot;transform&quot;,&quot;jet_parallax_layout_on&quot;:[&quot;desktop&quot;,&quot;tablet&quot;]}]}\">\n\t\t\t\t\t\t\t<div class=\"elementor-background-overlay\"><\/div>\n\t\t\t\t\t\t\t<div class=\"elementor-container elementor-column-gap-default\">\n\t\t\t\t\t\t\t<div class=\"elementor-row\">\n\t\t\t\t\t<div class=\"elementor-column elementor-col-33 elementor-top-column elementor-element elementor-element-1c040c2e\" data-id=\"1c040c2e\" data-element_type=\"column\">\n\t\t\t<div class=\"elementor-column-wrap\">\n\t\t\t\t\t\t\t<div class=\"elementor-widget-wrap\">\n\t\t\t\t\t\t\t\t<\/div>\n\t\t\t\t\t<\/div>\n\t\t<\/div>\n\t\t\t\t<div class=\"elementor-column elementor-col-33 elementor-top-column elementor-element elementor-element-24e6390\" data-id=\"24e6390\" data-element_type=\"column\">\n\t\t\t<div class=\"elementor-column-wrap elementor-element-populated\">\n\t\t\t\t\t\t\t<div class=\"elementor-widget-wrap\">\n\t\t\t\t\t\t\t\t<\/div>\n\t\t\t\t\t<\/div>\n\t\t<\/div>\n\t\t\t\t<div class=\"elementor-column elementor-col-33 elementor-top-column elementor-element elementor-element-61f3e825\" data-id=\"61f3e825\" data-element_type=\"column\">\n\t\t\t<div class=\"elementor-column-wrap\">\n\t\t\t\t\t\t\t<div class=\"elementor-widget-wrap\">\n\t\t\t\t\t\t\t\t<\/div>\n\t\t\t\t\t<\/div>\n\t\t<\/div>\n\t\t\t\t\t\t\t\t<\/div>\n\t\t\t\t\t<\/div>\n\t\t<\/section>\n\t\t\t\t<section class=\"elementor-section elementor-top-section elementor-element elementor-element-48c088c2 elementor-section-content-middle elementor-section-boxed elementor-section-height-default elementor-section-height-default\" data-id=\"48c088c2\" data-element_type=\"section\" data-settings=\"{&quot;background_background&quot;:&quot;classic&quot;,&quot;jet_parallax_layout_list&quot;:[{&quot;_id&quot;:&quot;515e993&quot;,&quot;jet_parallax_layout_image&quot;:{&quot;url&quot;:&quot;&quot;,&quot;id&quot;:&quot;&quot;,&quot;size&quot;:&quot;&quot;},&quot;jet_parallax_layout_image_tablet&quot;:{&quot;url&quot;:&quot;&quot;,&quot;id&quot;:&quot;&quot;,&quot;size&quot;:&quot;&quot;},&quot;jet_parallax_layout_image_mobile&quot;:{&quot;url&quot;:&quot;&quot;,&quot;id&quot;:&quot;&quot;,&quot;size&quot;:&quot;&quot;},&quot;jet_parallax_layout_speed&quot;:{&quot;unit&quot;:&quot;%&quot;,&quot;size&quot;:50,&quot;sizes&quot;:[]},&quot;jet_parallax_layout_type&quot;:&quot;scroll&quot;,&quot;jet_parallax_layout_direction&quot;:null,&quot;jet_parallax_layout_fx_direction&quot;:null,&quot;jet_parallax_layout_z_index&quot;:&quot;&quot;,&quot;jet_parallax_layout_bg_x&quot;:50,&quot;jet_parallax_layout_bg_x_tablet&quot;:&quot;&quot;,&quot;jet_parallax_layout_bg_x_mobile&quot;:&quot;&quot;,&quot;jet_parallax_layout_bg_y&quot;:50,&quot;jet_parallax_layout_bg_y_tablet&quot;:&quot;&quot;,&quot;jet_parallax_layout_bg_y_mobile&quot;:&quot;&quot;,&quot;jet_parallax_layout_bg_size&quot;:&quot;auto&quot;,&quot;jet_parallax_layout_bg_size_tablet&quot;:&quot;&quot;,&quot;jet_parallax_layout_bg_size_mobile&quot;:&quot;&quot;,&quot;jet_parallax_layout_animation_prop&quot;:&quot;transform&quot;,&quot;jet_parallax_layout_on&quot;:[&quot;desktop&quot;,&quot;tablet&quot;]}]}\">\n\t\t\t\t\t\t\t<div class=\"elementor-background-overlay\"><\/div>\n\t\t\t\t\t\t\t<div class=\"elementor-container elementor-column-gap-default\">\n\t\t\t\t\t\t\t<div class=\"elementor-row\">\n\t\t\t\t\t<div class=\"elementor-column elementor-col-50 elementor-top-column elementor-element elementor-element-6e23b569\" data-id=\"6e23b569\" data-element_type=\"column\">\n\t\t\t<div class=\"elementor-column-wrap elementor-element-populated\">\n\t\t\t\t\t\t\t<div class=\"elementor-widget-wrap\">\n\t\t\t\t\t\t<div class=\"elementor-element elementor-element-39bc0809 elementor-widget elementor-widget-heading\" data-id=\"39bc0809\" data-element_type=\"widget\" data-widget_type=\"heading.default\">\n\t\t\t\t<div class=\"elementor-widget-container\">\n\t\t\t<span class=\"elementor-heading-title elementor-size-default\">LA MISSION<\/span>\t\t<\/div>\n\t\t\t\t<\/div>\n\t\t\t\t<div class=\"elementor-element elementor-element-e2e641c elementor-widget elementor-widget-heading\" data-id=\"e2e641c\" data-element_type=\"widget\" data-widget_type=\"heading.default\">\n\t\t\t\t<div class=\"elementor-widget-container\">\n\t\t\t<h3 class=\"elementor-heading-title elementor-size-default\">Savoir Fonctionner Dans Les Endroits Difficiles<\/h3>\t\t<\/div>\n\t\t\t\t<\/div>\n\t\t\t\t<div class=\"elementor-element elementor-element-e03ff23 elementor-hidden-desktop elementor-widget elementor-widget-image\" data-id=\"e03ff23\" data-element_type=\"widget\" data-widget_type=\"image.default\">\n\t\t\t\t<div class=\"elementor-widget-container\">\n\t\t\t\t\t\t\t\t<div class=\"elementor-image\">\n\t\t\t\t\t\t\t\t\t\t\t\t<img loading=\"lazy\" decoding=\"async\" width=\"484\" height=\"363\" src=\"https:\/\/walkingdoctors.co\/wp-content\/uploads\/2021\/08\/preview-full-image.png\" class=\"attachment-full size-full wp-image-7642\" alt=\"muslim women wearing\" srcset=\"https:\/\/walkingdoctors.co\/wp-content\/uploads\/2021\/08\/preview-full-image.png 484w, https:\/\/walkingdoctors.co\/wp-content\/uploads\/2021\/08\/preview-full-image-300x225.png 300w\" sizes=\"(max-width: 484px) 100vw, 484px\" \/>\t\t\t\t\t\t\t\t\t\t\t\t\t\t<\/div>\n\t\t\t\t\t\t<\/div>\n\t\t\t\t<\/div>\n\t\t\t\t<div class=\"elementor-element elementor-element-2ea69f1d elementor-widget elementor-widget-text-editor\" data-id=\"2ea69f1d\" data-element_type=\"widget\" data-widget_type=\"text-editor.default\">\n\t\t\t\t<div class=\"elementor-widget-container\">\n\t\t\t\t\t\t\t\t<div class=\"elementor-text-editor elementor-clearfix\">\n\t\t\t\t<p class=\"\"><em>Walking Doctors<\/em> apporte un soutient et une technologie essentiels aux professionnels de la sant\u00e9, o\u00f9 qu&rsquo;ils travaillent. Notre logiciel aide les prestataires de soins de sant\u00e9 \u00e0 prendre des d\u00e9cisions de diagnostic et de traitement plus rapides et plus pr\u00e9cises, tout en g\u00e9rant les activit\u00e9s m\u00e9dicales.<\/p><p>Personne ne devrait avoir \u00e0 se soucier de la qualit\u00e9 de ses soins de sant\u00e9 ou de ceux d&rsquo;un proche. De ce fait, les agents de sant\u00e9 se doivent d&rsquo;acc\u00e9der\u00a0aux outils de resources humaines et de soins les plus pratiques et innovants.<\/p>\t\t\t\t\t<\/div>\n\t\t\t\t\t\t<\/div>\n\t\t\t\t<\/div>\n\t\t\t\t<div class=\"elementor-element elementor-element-c4cf9b8 elementor-widget elementor-widget-text-editor\" data-id=\"c4cf9b8\" data-element_type=\"widget\" data-widget_type=\"text-editor.default\">\n\t\t\t\t<div class=\"elementor-widget-container\">\n\t\t\t\t\t\t\t\t<div class=\"elementor-text-editor elementor-clearfix\">\n\t\t\t\t<p class=\"\">Soins de qualit\u00e9. Partout.<\/p>\t\t\t\t\t<\/div>\n\t\t\t\t\t\t<\/div>\n\t\t\t\t<\/div>\n\t\t\t\t<div class=\"elementor-element elementor-element-a20503b elementor-widget elementor-widget-text-editor\" data-id=\"a20503b\" data-element_type=\"widget\" data-widget_type=\"text-editor.default\">\n\t\t\t\t<div class=\"elementor-widget-container\">\n\t\t\t\t\t\t\t\t<div class=\"elementor-text-editor elementor-clearfix\">\n\t\t\t\t<p class=\"\"><strong>Wilson Wang<br \/><\/strong>Fondateur &amp; CEO<\/p>\t\t\t\t\t<\/div>\n\t\t\t\t\t\t<\/div>\n\t\t\t\t<\/div>\n\t\t\t\t<div class=\"elementor-element elementor-element-d4a472d elementor-mobile-align-justify elementor-widget-mobile__width-auto elementor-widget elementor-widget-button\" data-id=\"d4a472d\" data-element_type=\"widget\" data-widget_type=\"button.default\">\n\t\t\t\t<div class=\"elementor-widget-container\">\n\t\t\t\t\t<div class=\"elementor-button-wrapper\">\n\t\t\t<a class=\"elementor-button elementor-button-link elementor-size-md elementor-animation-grow\" href=\"https:\/\/walkingdoctors.co\/contact\/\">\n\t\t\t\t\t\t<span class=\"elementor-button-content-wrapper\">\n\t\t\t\t\t\t<span class=\"elementor-button-text\">Nous Contacter<\/span>\n\t\t<\/span>\n\t\t\t\t\t<\/a>\n\t\t<\/div>\n\t\t\t\t<\/div>\n\t\t\t\t<\/div>\n\t\t\t\t\t\t<\/div>\n\t\t\t\t\t<\/div>\n\t\t<\/div>\n\t\t\t\t<div class=\"elementor-column elementor-col-50 elementor-top-column elementor-element elementor-element-6c05796f elementor-hidden-tablet elementor-hidden-mobile\" data-id=\"6c05796f\" data-element_type=\"column\" data-settings=\"{&quot;background_background&quot;:&quot;classic&quot;}\">\n\t\t\t<div class=\"elementor-column-wrap elementor-element-populated\">\n\t\t\t\t\t\t\t<div class=\"elementor-widget-wrap\">\n\t\t\t\t\t\t<div class=\"elementor-element elementor-element-a4652a3 elementor-widget elementor-widget-spacer\" data-id=\"a4652a3\" data-element_type=\"widget\" data-widget_type=\"spacer.default\">\n\t\t\t\t<div class=\"elementor-widget-container\">\n\t\t\t\t\t<div class=\"elementor-spacer\">\n\t\t\t<div class=\"elementor-spacer-inner\"><\/div>\n\t\t<\/div>\n\t\t\t\t<\/div>\n\t\t\t\t<\/div>\n\t\t\t\t<div class=\"elementor-element elementor-element-fb7d93c elementor-widget elementor-widget-image\" data-id=\"fb7d93c\" data-element_type=\"widget\" data-widget_type=\"image.default\">\n\t\t\t\t<div class=\"elementor-widget-container\">\n\t\t\t\t\t\t\t\t<div class=\"elementor-image\">\n\t\t\t\t\t\t\t\t\t\t\t\t<img loading=\"lazy\" decoding=\"async\" width=\"484\" height=\"363\" src=\"https:\/\/walkingdoctors.co\/wp-content\/uploads\/2021\/08\/preview-full-image.png\" class=\"attachment-full size-full wp-image-7642\" alt=\"muslim women wearing\" srcset=\"https:\/\/walkingdoctors.co\/wp-content\/uploads\/2021\/08\/preview-full-image.png 484w, https:\/\/walkingdoctors.co\/wp-content\/uploads\/2021\/08\/preview-full-image-300x225.png 300w\" sizes=\"(max-width: 484px) 100vw, 484px\" \/>\t\t\t\t\t\t\t\t\t\t\t\t\t\t<\/div>\n\t\t\t\t\t\t<\/div>\n\t\t\t\t<\/div>\n\t\t\t\t\t\t<\/div>\n\t\t\t\t\t<\/div>\n\t\t<\/div>\n\t\t\t\t\t\t\t\t<\/div>\n\t\t\t\t\t<\/div>\n\t\t<\/section>\n\t\t\t\t\t\t\t\t\t<\/div>\n\t\t\t<\/div>\n\t\t\t\t\t<\/div>\n\t\t","protected":false},"excerpt":{"rendered":"<p>LA MISSION Savoir Fonctionner Dans Les Endroits Difficiles Walking Doctors apporte un soutient et une technologie essentiels aux professionnels de la sant\u00e9, o\u00f9 qu&rsquo;ils travaillent. Notre logiciel aide les prestataires de soins de sant\u00e9 \u00e0 prendre des d\u00e9cisions de diagnostic et de traitement plus rapides et plus pr\u00e9cises, tout en g\u00e9rant les activit\u00e9s m\u00e9dicales. Personne [&hellip;]<\/p>\n","protected":false},"author":14,"featured_media":7641,"parent":0,"menu_order":0,"comment_status":"closed","ping_status":"closed","template":"","meta":{"footnotes":""},"class_list":["post-7650","page","type-page","status-publish","has-post-thumbnail","hentry","entry","has-media"],"yoast_head":"<!-- This site is optimized with the Yoast SEO plugin v20.11 - https:\/\/yoast.com\/wordpress\/plugins\/seo\/ -->\n<title>About - Walking Doctors<\/title>\n<meta name=\"robots\" content=\"index, follow, max-snippet:-1, max-image-preview:large, max-video-preview:-1\" \/>\n<link rel=\"canonical\" href=\"https:\/\/walkingdoctors.co\/fr\/about\/\" \/>\n<meta property=\"og:locale\" content=\"fr_FR\" \/>\n<meta property=\"og:type\" content=\"article\" \/>\n<meta property=\"og:title\" content=\"About - Walking Doctors\" \/>\n<meta property=\"og:description\" content=\"LA MISSION Savoir Fonctionner Dans Les Endroits Difficiles Walking Doctors apporte un soutient et une technologie essentiels aux professionnels de la sant\u00e9, o\u00f9 qu&rsquo;ils travaillent. Notre logiciel aide les prestataires de soins de sant\u00e9 \u00e0 prendre des d\u00e9cisions de diagnostic et de traitement plus rapides et plus pr\u00e9cises, tout en g\u00e9rant les activit\u00e9s m\u00e9dicales. Personne [&hellip;]\" \/>\n<meta property=\"og:url\" content=\"https:\/\/walkingdoctors.co\/fr\/about\/\" \/>\n<meta property=\"og:site_name\" content=\"Walking Doctors\" \/>\n<meta property=\"article:modified_time\" content=\"2021-12-28T14:17:27+00:00\" \/>\n<meta property=\"og:image\" content=\"https:\/\/walkingdoctors.co\/wp-content\/uploads\/2021\/08\/preview-full-IMG_3492.jpg\" \/>\n\t<meta property=\"og:image:width\" content=\"684\" \/>\n\t<meta property=\"og:image:height\" content=\"402\" \/>\n\t<meta property=\"og:image:type\" content=\"image\/jpeg\" \/>\n<meta name=\"twitter:card\" content=\"summary_large_image\" \/>\n<meta name=\"twitter:label1\" content=\"Dur\u00e9e de lecture estim\u00e9e\" \/>\n\t<meta name=\"twitter:data1\" content=\"1 minute\" \/>\n<script type=\"application\/ld+json\" class=\"yoast-schema-graph\">{\"@context\":\"https:\/\/schema.org\",\"@graph\":[{\"@type\":\"WebPage\",\"@id\":\"https:\/\/walkingdoctors.co\/fr\/about\/\",\"url\":\"https:\/\/walkingdoctors.co\/fr\/about\/\",\"name\":\"About - Walking Doctors\",\"isPartOf\":{\"@id\":\"https:\/\/walkingdoctors.co\/en\/#website\"},\"datePublished\":\"2021-12-14T14:31:13+00:00\",\"dateModified\":\"2021-12-28T14:17:27+00:00\",\"breadcrumb\":{\"@id\":\"https:\/\/walkingdoctors.co\/fr\/about\/#breadcrumb\"},\"inLanguage\":\"fr-FR\",\"potentialAction\":[{\"@type\":\"ReadAction\",\"target\":[\"https:\/\/walkingdoctors.co\/fr\/about\/\"]}]},{\"@type\":\"BreadcrumbList\",\"@id\":\"https:\/\/walkingdoctors.co\/fr\/about\/#breadcrumb\",\"itemListElement\":[{\"@type\":\"ListItem\",\"position\":1,\"name\":\"Home\",\"item\":\"https:\/\/walkingdoctors.co\/fr\/\"},{\"@type\":\"ListItem\",\"position\":2,\"name\":\"About\"}]},{\"@type\":\"WebSite\",\"@id\":\"https:\/\/walkingdoctors.co\/en\/#website\",\"url\":\"https:\/\/walkingdoctors.co\/en\/\",\"name\":\"Walking Doctors\",\"description\":\"Our cloud-based EMR dramatically improves care while managing the business of medicine\",\"publisher\":{\"@id\":\"https:\/\/walkingdoctors.co\/en\/#organization\"},\"potentialAction\":[{\"@type\":\"SearchAction\",\"target\":{\"@type\":\"EntryPoint\",\"urlTemplate\":\"https:\/\/walkingdoctors.co\/en\/?s={search_term_string}\"},\"query-input\":\"required name=search_term_string\"}],\"inLanguage\":\"fr-FR\"},{\"@type\":\"Organization\",\"@id\":\"https:\/\/walkingdoctors.co\/en\/#organization\",\"name\":\"Walking Doctors\",\"url\":\"https:\/\/walkingdoctors.co\/en\/\",\"logo\":{\"@type\":\"ImageObject\",\"inLanguage\":\"fr-FR\",\"@id\":\"https:\/\/walkingdoctors.co\/en\/#\/schema\/logo\/image\/\",\"url\":\"https:\/\/walkingdoctors.co\/wp-content\/uploads\/2021\/07\/cropped-WDLogo145.png\",\"contentUrl\":\"https:\/\/walkingdoctors.co\/wp-content\/uploads\/2021\/07\/cropped-WDLogo145.png\",\"width\":927,\"height\":154,\"caption\":\"Walking Doctors\"},\"image\":{\"@id\":\"https:\/\/walkingdoctors.co\/en\/#\/schema\/logo\/image\/\"}}]}<\/script>\n<!-- \/ Yoast SEO plugin. -->","yoast_head_json":{"title":"About - Walking Doctors","robots":{"index":"index","follow":"follow","max-snippet":"max-snippet:-1","max-image-preview":"max-image-preview:large","max-video-preview":"max-video-preview:-1"},"canonical":"https:\/\/walkingdoctors.co\/fr\/about\/","og_locale":"fr_FR","og_type":"article","og_title":"About - Walking Doctors","og_description":"LA MISSION Savoir Fonctionner Dans Les Endroits Difficiles Walking Doctors apporte un soutient et une technologie essentiels aux professionnels de la sant\u00e9, o\u00f9 qu&rsquo;ils travaillent. Notre logiciel aide les prestataires de soins de sant\u00e9 \u00e0 prendre des d\u00e9cisions de diagnostic et de traitement plus rapides et plus pr\u00e9cises, tout en g\u00e9rant les activit\u00e9s m\u00e9dicales. Personne [&hellip;]","og_url":"https:\/\/walkingdoctors.co\/fr\/about\/","og_site_name":"Walking Doctors","article_modified_time":"2021-12-28T14:17:27+00:00","og_image":[{"width":684,"height":402,"url":"https:\/\/walkingdoctors.co\/wp-content\/uploads\/2021\/08\/preview-full-IMG_3492.jpg","type":"image\/jpeg"}],"twitter_card":"summary_large_image","twitter_misc":{"Dur\u00e9e de lecture estim\u00e9e":"1 minute"},"schema":{"@context":"https:\/\/schema.org","@graph":[{"@type":"WebPage","@id":"https:\/\/walkingdoctors.co\/fr\/about\/","url":"https:\/\/walkingdoctors.co\/fr\/about\/","name":"About - Walking Doctors","isPartOf":{"@id":"https:\/\/walkingdoctors.co\/en\/#website"},"datePublished":"2021-12-14T14:31:13+00:00","dateModified":"2021-12-28T14:17:27+00:00","breadcrumb":{"@id":"https:\/\/walkingdoctors.co\/fr\/about\/#breadcrumb"},"inLanguage":"fr-FR","potentialAction":[{"@type":"ReadAction","target":["https:\/\/walkingdoctors.co\/fr\/about\/"]}]},{"@type":"BreadcrumbList","@id":"https:\/\/walkingdoctors.co\/fr\/about\/#breadcrumb","itemListElement":[{"@type":"ListItem","position":1,"name":"Home","item":"https:\/\/walkingdoctors.co\/fr\/"},{"@type":"ListItem","position":2,"name":"About"}]},{"@type":"WebSite","@id":"https:\/\/walkingdoctors.co\/en\/#website","url":"https:\/\/walkingdoctors.co\/en\/","name":"Walking Doctors","description":"Our cloud-based EMR dramatically improves care while managing the business of medicine","publisher":{"@id":"https:\/\/walkingdoctors.co\/en\/#organization"},"potentialAction":[{"@type":"SearchAction","target":{"@type":"EntryPoint","urlTemplate":"https:\/\/walkingdoctors.co\/en\/?s={search_term_string}"},"query-input":"required name=search_term_string"}],"inLanguage":"fr-FR"},{"@type":"Organization","@id":"https:\/\/walkingdoctors.co\/en\/#organization","name":"Walking Doctors","url":"https:\/\/walkingdoctors.co\/en\/","logo":{"@type":"ImageObject","inLanguage":"fr-FR","@id":"https:\/\/walkingdoctors.co\/en\/#\/schema\/logo\/image\/","url":"https:\/\/walkingdoctors.co\/wp-content\/uploads\/2021\/07\/cropped-WDLogo145.png","contentUrl":"https:\/\/walkingdoctors.co\/wp-content\/uploads\/2021\/07\/cropped-WDLogo145.png","width":927,"height":154,"caption":"Walking Doctors"},"image":{"@id":"https:\/\/walkingdoctors.co\/en\/#\/schema\/logo\/image\/"}}]}},"_links":{"self":[{"href":"https:\/\/walkingdoctors.co\/fr\/wp-json\/wp\/v2\/pages\/7650"}],"collection":[{"href":"https:\/\/walkingdoctors.co\/fr\/wp-json\/wp\/v2\/pages"}],"about":[{"href":"https:\/\/walkingdoctors.co\/fr\/wp-json\/wp\/v2\/types\/page"}],"author":[{"embeddable":true,"href":"https:\/\/walkingdoctors.co\/fr\/wp-json\/wp\/v2\/users\/14"}],"replies":[{"embeddable":true,"href":"https:\/\/walkingdoctors.co\/fr\/wp-json\/wp\/v2\/comments?post=7650"}],"version-history":[{"count":5,"href":"https:\/\/walkingdoctors.co\/fr\/wp-json\/wp\/v2\/pages\/7650\/revisions"}],"predecessor-version":[{"id":7918,"href":"https:\/\/walkingdoctors.co\/fr\/wp-json\/wp\/v2\/pages\/7650\/revisions\/7918"}],"wp:featuredmedia":[{"embeddable":true,"href":"https:\/\/walkingdoctors.co\/fr\/wp-json\/wp\/v2\/media\/7641"}],"wp:attachment":[{"href":"https:\/\/walkingdoctors.co\/fr\/wp-json\/wp\/v2\/media?parent=7650"}],"curies":[{"name":"wp","href":"https:\/\/api.w.org\/{rel}","templated":true}]}}