{"id":5717,"date":"2021-10-13T09:15:31","date_gmt":"2021-10-13T09:15:31","guid":{"rendered":"https:\/\/walkingdoctors.co\/?page_id=5717"},"modified":"2022-08-17T16:06:48","modified_gmt":"2022-08-17T16:06:48","slug":"about","status":"publish","type":"page","link":"https:\/\/walkingdoctors.co\/es\/about\/","title":{"rendered":"About"},"content":{"rendered":"\t\t<div data-elementor-type=\"wp-page\" data-elementor-id=\"5717\" class=\"elementor elementor-5717 elementor-2383\" data-elementor-post-type=\"page\">\n\t\t\t\t\t\t<div class=\"elementor-inner\">\n\t\t\t\t<div class=\"elementor-section-wrap\">\n\t\t\t\t\t\t\t\t\t<section class=\"elementor-section elementor-top-section elementor-element elementor-element-4c378e3e elementor-section-height-min-height elementor-section-content-middle elementor-section-boxed elementor-section-height-default elementor-section-items-middle\" data-id=\"4c378e3e\" data-element_type=\"section\" data-settings=\"{&quot;background_background&quot;:&quot;classic&quot;,&quot;jet_parallax_layout_list&quot;:[{&quot;_id&quot;:&quot;e28acd5&quot;,&quot;jet_parallax_layout_image&quot;:{&quot;url&quot;:&quot;&quot;,&quot;id&quot;:&quot;&quot;,&quot;size&quot;:&quot;&quot;},&quot;jet_parallax_layout_image_tablet&quot;:{&quot;url&quot;:&quot;&quot;,&quot;id&quot;:&quot;&quot;,&quot;size&quot;:&quot;&quot;},&quot;jet_parallax_layout_image_mobile&quot;:{&quot;url&quot;:&quot;&quot;,&quot;id&quot;:&quot;&quot;,&quot;size&quot;:&quot;&quot;},&quot;jet_parallax_layout_speed&quot;:{&quot;unit&quot;:&quot;%&quot;,&quot;size&quot;:50,&quot;sizes&quot;:[]},&quot;jet_parallax_layout_type&quot;:&quot;scroll&quot;,&quot;jet_parallax_layout_direction&quot;:null,&quot;jet_parallax_layout_fx_direction&quot;:null,&quot;jet_parallax_layout_z_index&quot;:&quot;&quot;,&quot;jet_parallax_layout_bg_x&quot;:50,&quot;jet_parallax_layout_bg_x_tablet&quot;:&quot;&quot;,&quot;jet_parallax_layout_bg_x_mobile&quot;:&quot;&quot;,&quot;jet_parallax_layout_bg_y&quot;:50,&quot;jet_parallax_layout_bg_y_tablet&quot;:&quot;&quot;,&quot;jet_parallax_layout_bg_y_mobile&quot;:&quot;&quot;,&quot;jet_parallax_layout_bg_size&quot;:&quot;auto&quot;,&quot;jet_parallax_layout_bg_size_tablet&quot;:&quot;&quot;,&quot;jet_parallax_layout_bg_size_mobile&quot;:&quot;&quot;,&quot;jet_parallax_layout_animation_prop&quot;:&quot;transform&quot;,&quot;jet_parallax_layout_on&quot;:[&quot;desktop&quot;,&quot;tablet&quot;]}]}\">\n\t\t\t\t\t\t\t<div class=\"elementor-background-overlay\"><\/div>\n\t\t\t\t\t\t\t<div class=\"elementor-container elementor-column-gap-default\">\n\t\t\t\t\t\t\t<div class=\"elementor-row\">\n\t\t\t\t\t<div class=\"elementor-column elementor-col-33 elementor-top-column elementor-element elementor-element-1c040c2e\" data-id=\"1c040c2e\" data-element_type=\"column\">\n\t\t\t<div class=\"elementor-column-wrap\">\n\t\t\t\t\t\t\t<div class=\"elementor-widget-wrap\">\n\t\t\t\t\t\t\t\t<\/div>\n\t\t\t\t\t<\/div>\n\t\t<\/div>\n\t\t\t\t<div class=\"elementor-column elementor-col-33 elementor-top-column elementor-element elementor-element-24e6390\" data-id=\"24e6390\" data-element_type=\"column\">\n\t\t\t<div class=\"elementor-column-wrap elementor-element-populated\">\n\t\t\t\t\t\t\t<div class=\"elementor-widget-wrap\">\n\t\t\t\t\t\t\t\t<\/div>\n\t\t\t\t\t<\/div>\n\t\t<\/div>\n\t\t\t\t<div class=\"elementor-column elementor-col-33 elementor-top-column elementor-element elementor-element-61f3e825\" data-id=\"61f3e825\" data-element_type=\"column\">\n\t\t\t<div class=\"elementor-column-wrap\">\n\t\t\t\t\t\t\t<div class=\"elementor-widget-wrap\">\n\t\t\t\t\t\t\t\t<\/div>\n\t\t\t\t\t<\/div>\n\t\t<\/div>\n\t\t\t\t\t\t\t\t<\/div>\n\t\t\t\t\t<\/div>\n\t\t<\/section>\n\t\t\t\t<section class=\"elementor-section elementor-top-section elementor-element elementor-element-48c088c2 elementor-section-content-middle elementor-section-boxed elementor-section-height-default elementor-section-height-default\" data-id=\"48c088c2\" data-element_type=\"section\" data-settings=\"{&quot;background_background&quot;:&quot;classic&quot;,&quot;jet_parallax_layout_list&quot;:[{&quot;_id&quot;:&quot;515e993&quot;,&quot;jet_parallax_layout_image&quot;:{&quot;url&quot;:&quot;&quot;,&quot;id&quot;:&quot;&quot;,&quot;size&quot;:&quot;&quot;},&quot;jet_parallax_layout_image_tablet&quot;:{&quot;url&quot;:&quot;&quot;,&quot;id&quot;:&quot;&quot;,&quot;size&quot;:&quot;&quot;},&quot;jet_parallax_layout_image_mobile&quot;:{&quot;url&quot;:&quot;&quot;,&quot;id&quot;:&quot;&quot;,&quot;size&quot;:&quot;&quot;},&quot;jet_parallax_layout_speed&quot;:{&quot;unit&quot;:&quot;%&quot;,&quot;size&quot;:50,&quot;sizes&quot;:[]},&quot;jet_parallax_layout_type&quot;:&quot;scroll&quot;,&quot;jet_parallax_layout_direction&quot;:null,&quot;jet_parallax_layout_fx_direction&quot;:null,&quot;jet_parallax_layout_z_index&quot;:&quot;&quot;,&quot;jet_parallax_layout_bg_x&quot;:50,&quot;jet_parallax_layout_bg_x_tablet&quot;:&quot;&quot;,&quot;jet_parallax_layout_bg_x_mobile&quot;:&quot;&quot;,&quot;jet_parallax_layout_bg_y&quot;:50,&quot;jet_parallax_layout_bg_y_tablet&quot;:&quot;&quot;,&quot;jet_parallax_layout_bg_y_mobile&quot;:&quot;&quot;,&quot;jet_parallax_layout_bg_size&quot;:&quot;auto&quot;,&quot;jet_parallax_layout_bg_size_tablet&quot;:&quot;&quot;,&quot;jet_parallax_layout_bg_size_mobile&quot;:&quot;&quot;,&quot;jet_parallax_layout_animation_prop&quot;:&quot;transform&quot;,&quot;jet_parallax_layout_on&quot;:[&quot;desktop&quot;,&quot;tablet&quot;]}]}\">\n\t\t\t\t\t\t\t<div class=\"elementor-background-overlay\"><\/div>\n\t\t\t\t\t\t\t<div class=\"elementor-container elementor-column-gap-default\">\n\t\t\t\t\t\t\t<div class=\"elementor-row\">\n\t\t\t\t\t<div class=\"elementor-column elementor-col-50 elementor-top-column elementor-element elementor-element-6e23b569\" data-id=\"6e23b569\" data-element_type=\"column\">\n\t\t\t<div class=\"elementor-column-wrap elementor-element-populated\">\n\t\t\t\t\t\t\t<div class=\"elementor-widget-wrap\">\n\t\t\t\t\t\t<div class=\"elementor-element elementor-element-39bc0809 elementor-widget elementor-widget-heading\" data-id=\"39bc0809\" data-element_type=\"widget\" data-widget_type=\"heading.default\">\n\t\t\t\t<div class=\"elementor-widget-container\">\n\t\t\t<span class=\"elementor-heading-title elementor-size-default\">Nuestra Misi\u00f3n<\/span>\t\t<\/div>\n\t\t\t\t<\/div>\n\t\t\t\t<div class=\"elementor-element elementor-element-e2e641c elementor-widget elementor-widget-heading\" data-id=\"e2e641c\" data-element_type=\"widget\" data-widget_type=\"heading.default\">\n\t\t\t\t<div class=\"elementor-widget-container\">\n\t\t\t<h3 class=\"elementor-heading-title elementor-size-default\">Sabemos trabajar en lugares desafiantes<\/h3>\t\t<\/div>\n\t\t\t\t<\/div>\n\t\t\t\t<div class=\"elementor-element elementor-element-e03ff23 elementor-hidden-desktop elementor-widget elementor-widget-image\" data-id=\"e03ff23\" data-element_type=\"widget\" data-widget_type=\"image.default\">\n\t\t\t\t<div class=\"elementor-widget-container\">\n\t\t\t\t\t\t\t\t<div class=\"elementor-image\">\n\t\t\t\t\t\t\t\t\t\t\t\t<img loading=\"lazy\" decoding=\"async\" width=\"484\" height=\"363\" src=\"https:\/\/walkingdoctors.co\/wp-content\/uploads\/2021\/08\/preview-full-image.png\" class=\"attachment-full size-full wp-image-5733\" alt=\"woman wearing muslim\" srcset=\"https:\/\/walkingdoctors.co\/wp-content\/uploads\/2021\/08\/preview-full-image.png 484w, https:\/\/walkingdoctors.co\/wp-content\/uploads\/2021\/08\/preview-full-image-300x225.png 300w\" sizes=\"(max-width: 484px) 100vw, 484px\" \/>\t\t\t\t\t\t\t\t\t\t\t\t\t\t<\/div>\n\t\t\t\t\t\t<\/div>\n\t\t\t\t<\/div>\n\t\t\t\t<div class=\"elementor-element elementor-element-2ea69f1d elementor-widget elementor-widget-text-editor\" data-id=\"2ea69f1d\" data-element_type=\"widget\" data-widget_type=\"text-editor.default\">\n\t\t\t\t<div class=\"elementor-widget-container\">\n\t\t\t\t\t\t\t\t<div class=\"elementor-text-editor elementor-clearfix\">\n\t\t\t\t<p><em>Walking Doctors<\/em><span style=\"font-weight: 400;\"> brinda apoyo y tecnolog\u00eda esencial a los profesionales de la salud, en cualquier lugar que trabajen. Nuestro software ayuda a tomar decisiones diagn\u00f3sticas y de tratamiento m\u00e1s r\u00e1pidas y precisas, <\/span><span style=\"font-weight: 400;\">mientras administra el lado comercial de la medicina.\u00a0\u00a0<\/span><\/p><p><span style=\"font-weight: 400;\">Ninguna persona deber\u00eda tener que preocuparse por la calidad de la atenci\u00f3n m\u00e9dica que se les est\u00e9 brindando a ellos o a sus seres queridos. Con este fin, los profesionales de la salud deben tener acceso a las herramientas de cuidado m\u00e9dico m\u00e1s pr\u00e1cticas y los recursos humanos m\u00e1s innovadores.<\/span><\/p>\t\t\t\t\t<\/div>\n\t\t\t\t\t\t<\/div>\n\t\t\t\t<\/div>\n\t\t\t\t<div class=\"elementor-element elementor-element-c4cf9b8 elementor-widget elementor-widget-text-editor\" data-id=\"c4cf9b8\" data-element_type=\"widget\" data-widget_type=\"text-editor.default\">\n\t\t\t\t<div class=\"elementor-widget-container\">\n\t\t\t\t\t\t\t\t<div class=\"elementor-text-editor elementor-clearfix\">\n\t\t\t\t<p>Cuidado de calidad. En cualquier lugar.<\/p>\t\t\t\t\t<\/div>\n\t\t\t\t\t\t<\/div>\n\t\t\t\t<\/div>\n\t\t\t\t<div class=\"elementor-element elementor-element-a20503b elementor-widget elementor-widget-text-editor\" data-id=\"a20503b\" data-element_type=\"widget\" data-widget_type=\"text-editor.default\">\n\t\t\t\t<div class=\"elementor-widget-container\">\n\t\t\t\t\t\t\t\t<div class=\"elementor-text-editor elementor-clearfix\">\n\t\t\t\t<p class=\"\"><strong>Wilson Wang<br \/><\/strong>Fundador y CEO<\/p>\t\t\t\t\t<\/div>\n\t\t\t\t\t\t<\/div>\n\t\t\t\t<\/div>\n\t\t\t\t<div class=\"elementor-element elementor-element-d4a472d elementor-mobile-align-justify elementor-widget-mobile__width-auto elementor-widget elementor-widget-button\" data-id=\"d4a472d\" data-element_type=\"widget\" data-widget_type=\"button.default\">\n\t\t\t\t<div class=\"elementor-widget-container\">\n\t\t\t\t\t<div class=\"elementor-button-wrapper\">\n\t\t\t<a class=\"elementor-button elementor-button-link elementor-size-md elementor-animation-grow\" href=\"https:\/\/walkingdoctors.co\/es\/contact\/\">\n\t\t\t\t\t\t<span class=\"elementor-button-content-wrapper\">\n\t\t\t\t\t\t<span class=\"elementor-button-text\">Contactenos<\/span>\n\t\t<\/span>\n\t\t\t\t\t<\/a>\n\t\t<\/div>\n\t\t\t\t<\/div>\n\t\t\t\t<\/div>\n\t\t\t\t\t\t<\/div>\n\t\t\t\t\t<\/div>\n\t\t<\/div>\n\t\t\t\t<div class=\"elementor-column elementor-col-50 elementor-top-column elementor-element elementor-element-6c05796f elementor-hidden-tablet elementor-hidden-mobile\" data-id=\"6c05796f\" data-element_type=\"column\" data-settings=\"{&quot;background_background&quot;:&quot;classic&quot;}\">\n\t\t\t<div class=\"elementor-column-wrap elementor-element-populated\">\n\t\t\t\t\t\t\t<div class=\"elementor-widget-wrap\">\n\t\t\t\t\t\t<div class=\"elementor-element elementor-element-a4652a3 elementor-widget elementor-widget-spacer\" data-id=\"a4652a3\" data-element_type=\"widget\" data-widget_type=\"spacer.default\">\n\t\t\t\t<div class=\"elementor-widget-container\">\n\t\t\t\t\t<div class=\"elementor-spacer\">\n\t\t\t<div class=\"elementor-spacer-inner\"><\/div>\n\t\t<\/div>\n\t\t\t\t<\/div>\n\t\t\t\t<\/div>\n\t\t\t\t<div class=\"elementor-element elementor-element-fb7d93c elementor-widget elementor-widget-image\" data-id=\"fb7d93c\" data-element_type=\"widget\" data-widget_type=\"image.default\">\n\t\t\t\t<div class=\"elementor-widget-container\">\n\t\t\t\t\t\t\t\t<div class=\"elementor-image\">\n\t\t\t\t\t\t\t\t\t\t\t\t<img loading=\"lazy\" decoding=\"async\" width=\"484\" height=\"363\" src=\"https:\/\/walkingdoctors.co\/wp-content\/uploads\/2021\/08\/preview-full-image.png\" class=\"attachment-full size-full wp-image-5733\" alt=\"woman wearing muslim\" srcset=\"https:\/\/walkingdoctors.co\/wp-content\/uploads\/2021\/08\/preview-full-image.png 484w, https:\/\/walkingdoctors.co\/wp-content\/uploads\/2021\/08\/preview-full-image-300x225.png 300w\" sizes=\"(max-width: 484px) 100vw, 484px\" \/>\t\t\t\t\t\t\t\t\t\t\t\t\t\t<\/div>\n\t\t\t\t\t\t<\/div>\n\t\t\t\t<\/div>\n\t\t\t\t\t\t<\/div>\n\t\t\t\t\t<\/div>\n\t\t<\/div>\n\t\t\t\t\t\t\t\t<\/div>\n\t\t\t\t\t<\/div>\n\t\t<\/section>\n\t\t\t\t\t\t\t\t\t<\/div>\n\t\t\t<\/div>\n\t\t\t\t\t<\/div>\n\t\t","protected":false},"excerpt":{"rendered":"<p>Nuestra Misi\u00f3n Sabemos trabajar en lugares desafiantes Walking Doctors brinda apoyo y tecnolog\u00eda esencial a los profesionales de la salud, en cualquier lugar que trabajen. Nuestro software ayuda a tomar decisiones diagn\u00f3sticas y de tratamiento m\u00e1s r\u00e1pidas y precisas, mientras administra el lado comercial de la medicina.\u00a0\u00a0 Ninguna persona deber\u00eda tener que preocuparse por la [&hellip;]<\/p>\n","protected":false},"author":14,"featured_media":5732,"parent":0,"menu_order":0,"comment_status":"closed","ping_status":"closed","template":"","meta":{"footnotes":""},"class_list":["post-5717","page","type-page","status-publish","has-post-thumbnail","hentry","entry","has-media"],"yoast_head":"<!-- This site is optimized with the Yoast SEO plugin v20.11 - https:\/\/yoast.com\/wordpress\/plugins\/seo\/ -->\n<title>About - Walking Doctors<\/title>\n<meta name=\"robots\" content=\"index, follow, max-snippet:-1, max-image-preview:large, max-video-preview:-1\" \/>\n<link rel=\"canonical\" href=\"https:\/\/walkingdoctors.co\/es\/about\/\" \/>\n<meta property=\"og:locale\" content=\"es_ES\" \/>\n<meta property=\"og:type\" content=\"article\" \/>\n<meta property=\"og:title\" content=\"About - Walking Doctors\" \/>\n<meta property=\"og:description\" content=\"Nuestra Misi\u00f3n Sabemos trabajar en lugares desafiantes Walking Doctors brinda apoyo y tecnolog\u00eda esencial a los profesionales de la salud, en cualquier lugar que trabajen. Nuestro software ayuda a tomar decisiones diagn\u00f3sticas y de tratamiento m\u00e1s r\u00e1pidas y precisas, mientras administra el lado comercial de la medicina.\u00a0\u00a0 Ninguna persona deber\u00eda tener que preocuparse por la [&hellip;]\" \/>\n<meta property=\"og:url\" content=\"https:\/\/walkingdoctors.co\/es\/about\/\" \/>\n<meta property=\"og:site_name\" content=\"Walking Doctors\" \/>\n<meta property=\"article:modified_time\" content=\"2022-08-17T16:06:48+00:00\" \/>\n<meta property=\"og:image\" content=\"https:\/\/walkingdoctors.co\/wp-content\/uploads\/2021\/08\/preview-full-IMG_3492.jpg\" \/>\n\t<meta property=\"og:image:width\" content=\"684\" \/>\n\t<meta property=\"og:image:height\" content=\"402\" \/>\n\t<meta property=\"og:image:type\" content=\"image\/jpeg\" \/>\n<meta name=\"twitter:card\" content=\"summary_large_image\" \/>\n<meta name=\"twitter:label1\" content=\"Tiempo de lectura\" \/>\n\t<meta name=\"twitter:data1\" content=\"1 minuto\" \/>\n<script type=\"application\/ld+json\" class=\"yoast-schema-graph\">{\"@context\":\"https:\/\/schema.org\",\"@graph\":[{\"@type\":\"WebPage\",\"@id\":\"https:\/\/walkingdoctors.co\/es\/about\/\",\"url\":\"https:\/\/walkingdoctors.co\/es\/about\/\",\"name\":\"About - Walking Doctors\",\"isPartOf\":{\"@id\":\"https:\/\/walkingdoctors.co\/en\/#website\"},\"datePublished\":\"2021-10-13T09:15:31+00:00\",\"dateModified\":\"2022-08-17T16:06:48+00:00\",\"breadcrumb\":{\"@id\":\"https:\/\/walkingdoctors.co\/es\/about\/#breadcrumb\"},\"inLanguage\":\"es\",\"potentialAction\":[{\"@type\":\"ReadAction\",\"target\":[\"https:\/\/walkingdoctors.co\/es\/about\/\"]}]},{\"@type\":\"BreadcrumbList\",\"@id\":\"https:\/\/walkingdoctors.co\/es\/about\/#breadcrumb\",\"itemListElement\":[{\"@type\":\"ListItem\",\"position\":1,\"name\":\"Home\",\"item\":\"https:\/\/walkingdoctors.co\/es\/\"},{\"@type\":\"ListItem\",\"position\":2,\"name\":\"About\"}]},{\"@type\":\"WebSite\",\"@id\":\"https:\/\/walkingdoctors.co\/en\/#website\",\"url\":\"https:\/\/walkingdoctors.co\/en\/\",\"name\":\"Walking Doctors\",\"description\":\"Our cloud-based EMR dramatically improves care while managing the business of medicine\",\"publisher\":{\"@id\":\"https:\/\/walkingdoctors.co\/en\/#organization\"},\"potentialAction\":[{\"@type\":\"SearchAction\",\"target\":{\"@type\":\"EntryPoint\",\"urlTemplate\":\"https:\/\/walkingdoctors.co\/en\/?s={search_term_string}\"},\"query-input\":\"required name=search_term_string\"}],\"inLanguage\":\"es\"},{\"@type\":\"Organization\",\"@id\":\"https:\/\/walkingdoctors.co\/en\/#organization\",\"name\":\"Walking Doctors\",\"url\":\"https:\/\/walkingdoctors.co\/en\/\",\"logo\":{\"@type\":\"ImageObject\",\"inLanguage\":\"es\",\"@id\":\"https:\/\/walkingdoctors.co\/en\/#\/schema\/logo\/image\/\",\"url\":\"https:\/\/walkingdoctors.co\/wp-content\/uploads\/2021\/07\/cropped-WDLogo145.png\",\"contentUrl\":\"https:\/\/walkingdoctors.co\/wp-content\/uploads\/2021\/07\/cropped-WDLogo145.png\",\"width\":927,\"height\":154,\"caption\":\"Walking Doctors\"},\"image\":{\"@id\":\"https:\/\/walkingdoctors.co\/en\/#\/schema\/logo\/image\/\"}}]}<\/script>\n<!-- \/ Yoast SEO plugin. -->","yoast_head_json":{"title":"About - Walking Doctors","robots":{"index":"index","follow":"follow","max-snippet":"max-snippet:-1","max-image-preview":"max-image-preview:large","max-video-preview":"max-video-preview:-1"},"canonical":"https:\/\/walkingdoctors.co\/es\/about\/","og_locale":"es_ES","og_type":"article","og_title":"About - Walking Doctors","og_description":"Nuestra Misi\u00f3n Sabemos trabajar en lugares desafiantes Walking Doctors brinda apoyo y tecnolog\u00eda esencial a los profesionales de la salud, en cualquier lugar que trabajen. Nuestro software ayuda a tomar decisiones diagn\u00f3sticas y de tratamiento m\u00e1s r\u00e1pidas y precisas, mientras administra el lado comercial de la medicina.\u00a0\u00a0 Ninguna persona deber\u00eda tener que preocuparse por la [&hellip;]","og_url":"https:\/\/walkingdoctors.co\/es\/about\/","og_site_name":"Walking Doctors","article_modified_time":"2022-08-17T16:06:48+00:00","og_image":[{"width":684,"height":402,"url":"https:\/\/walkingdoctors.co\/wp-content\/uploads\/2021\/08\/preview-full-IMG_3492.jpg","type":"image\/jpeg"}],"twitter_card":"summary_large_image","twitter_misc":{"Tiempo de lectura":"1 minuto"},"schema":{"@context":"https:\/\/schema.org","@graph":[{"@type":"WebPage","@id":"https:\/\/walkingdoctors.co\/es\/about\/","url":"https:\/\/walkingdoctors.co\/es\/about\/","name":"About - Walking Doctors","isPartOf":{"@id":"https:\/\/walkingdoctors.co\/en\/#website"},"datePublished":"2021-10-13T09:15:31+00:00","dateModified":"2022-08-17T16:06:48+00:00","breadcrumb":{"@id":"https:\/\/walkingdoctors.co\/es\/about\/#breadcrumb"},"inLanguage":"es","potentialAction":[{"@type":"ReadAction","target":["https:\/\/walkingdoctors.co\/es\/about\/"]}]},{"@type":"BreadcrumbList","@id":"https:\/\/walkingdoctors.co\/es\/about\/#breadcrumb","itemListElement":[{"@type":"ListItem","position":1,"name":"Home","item":"https:\/\/walkingdoctors.co\/es\/"},{"@type":"ListItem","position":2,"name":"About"}]},{"@type":"WebSite","@id":"https:\/\/walkingdoctors.co\/en\/#website","url":"https:\/\/walkingdoctors.co\/en\/","name":"Walking Doctors","description":"Our cloud-based EMR dramatically improves care while managing the business of medicine","publisher":{"@id":"https:\/\/walkingdoctors.co\/en\/#organization"},"potentialAction":[{"@type":"SearchAction","target":{"@type":"EntryPoint","urlTemplate":"https:\/\/walkingdoctors.co\/en\/?s={search_term_string}"},"query-input":"required name=search_term_string"}],"inLanguage":"es"},{"@type":"Organization","@id":"https:\/\/walkingdoctors.co\/en\/#organization","name":"Walking Doctors","url":"https:\/\/walkingdoctors.co\/en\/","logo":{"@type":"ImageObject","inLanguage":"es","@id":"https:\/\/walkingdoctors.co\/en\/#\/schema\/logo\/image\/","url":"https:\/\/walkingdoctors.co\/wp-content\/uploads\/2021\/07\/cropped-WDLogo145.png","contentUrl":"https:\/\/walkingdoctors.co\/wp-content\/uploads\/2021\/07\/cropped-WDLogo145.png","width":927,"height":154,"caption":"Walking Doctors"},"image":{"@id":"https:\/\/walkingdoctors.co\/en\/#\/schema\/logo\/image\/"}}]}},"_links":{"self":[{"href":"https:\/\/walkingdoctors.co\/es\/wp-json\/wp\/v2\/pages\/5717"}],"collection":[{"href":"https:\/\/walkingdoctors.co\/es\/wp-json\/wp\/v2\/pages"}],"about":[{"href":"https:\/\/walkingdoctors.co\/es\/wp-json\/wp\/v2\/types\/page"}],"author":[{"embeddable":true,"href":"https:\/\/walkingdoctors.co\/es\/wp-json\/wp\/v2\/users\/14"}],"replies":[{"embeddable":true,"href":"https:\/\/walkingdoctors.co\/es\/wp-json\/wp\/v2\/comments?post=5717"}],"version-history":[{"count":5,"href":"https:\/\/walkingdoctors.co\/es\/wp-json\/wp\/v2\/pages\/5717\/revisions"}],"predecessor-version":[{"id":9543,"href":"https:\/\/walkingdoctors.co\/es\/wp-json\/wp\/v2\/pages\/5717\/revisions\/9543"}],"wp:featuredmedia":[{"embeddable":true,"href":"https:\/\/walkingdoctors.co\/es\/wp-json\/wp\/v2\/media\/5732"}],"wp:attachment":[{"href":"https:\/\/walkingdoctors.co\/es\/wp-json\/wp\/v2\/media?parent=5717"}],"curies":[{"name":"wp","href":"https:\/\/api.w.org\/{rel}","templated":true}]}}